{"id":819,"date":"2019-05-25T20:40:35","date_gmt":"2019-05-25T20:40:35","guid":{"rendered":"\/bsmi\/?page_id=819"},"modified":"2025-10-28T12:29:52","modified_gmt":"2025-10-28T12:29:52","slug":"privacy-statement","status":"publish","type":"page","link":"https:\/\/britishschoolofmarketing.com\/es\/privacy-statement\/","title":{"rendered":"Pol\u00edtica Declaraci\u00f3n de privacidad"},"content":{"rendered":"<div id=\"fws_69db4d7b9f01c\"  data-midnight=\"dark\"  data-bg-mobile-hidden=\"\" class=\"wpb_row vc_row-fluid vc_row top-level standard_section\"  style=\"padding-top: 0px; padding-bottom: 0px; \"><div class=\"row-bg-wrap\" data-bg-animation=\"none\"><div class=\"inner-wrap\"><div class=\"row-bg\"  style=\"\"><\/div><\/div><div class=\"row-bg-overlay\" ><\/div><\/div><div class=\"col span_12 dark left\">\n\t<div  class=\"vc_col-sm-12 wpb_column column_container vc_column_container col no-extra-padding\"  data-t-w-inherits=\"default\" data-border-radius=\"none\" data-shadow=\"none\" data-border-animation=\"\" data-border-animation-delay=\"\" data-border-width=\"none\" data-border-style=\"solid\" data-border-color=\"\" data-bg-cover=\"\" data-padding-pos=\"all\" data-has-bg-color=\"false\" data-bg-color=\"\" data-bg-opacity=\"1\" data-hover-bg=\"\" data-hover-bg-opacity=\"1\" data-animation=\"\" data-delay=\"0\"><div class=\"column-bg-overlay\"><\/div>\n\t\t<div class=\"vc_column-inner\">\n\t\t\t<div class=\"wpb_wrapper\">\n\t\t\t\t\r\n\t<div class=\"wpb_text_column wpb_content_element\" >\r\n\t\t<div class=\"wpb_wrapper\">\r\n\t\t\t<p><strong>ESCUELA BRIT\u00c1NICA DE MARKETING INTERNACIONAL<\/strong><\/p>\n<h1 style=\"font-size: 15px;\">Declaracion de privacidad<\/h1>\n<p>October 2025\u00a0 \u00a0 \u00a0 \u00a0 \u00a0 \u00a0 \u00a0 \u00a0 \u00a0 \u00a0 \u00a0 \u00a0 \u00a0 \u00a0 \u00a0 \u00a0 \u00a0 \u00a0 \u00a0 \u00a0 \u00a0 \u00a0 \u00a0 \u00a0 \u00a0 \u00a0 \u00a0 \u00a0 \u00a0 \u00a0 \u00a0 \u00a0 \u00a0 \u00a0 \u00a0 \u00a0 \u00a0 \u00a0 \u00a0 \u00a0 \u00a0 \u00a0 \u00a0 \u00a0 \u00a0 \u00a0 \u00a0 \u00a0 \u00a0 \u00a0 \u00a0 \u00a0 \u00a0 \u00a0 \u00a0Review date: October 2026<\/p>\n<p>British School of Marketing International toma medidas para cumplir con la ley y garantizar los m\u00e1s altos niveles de privacidad. BSMI es el controlador de datos que recopila, usa, mantiene y divulga la informaci\u00f3n recopilada de los usuarios. Esta pol\u00edtica de privacidad se aplica a todos los servicios y productos ofrecidos por BSMI y describe nuestros procedimientos sobre la recopilaci\u00f3n y el uso de la informaci\u00f3n de los estudiantes.<\/p>\n<p><strong>Informacion personal:<\/strong><\/p>\n<p>Recopilamos informaci\u00f3n personal a trav\u00e9s de los usuarios que completan los formularios de registro y los formularios de inscripci\u00f3n proporcionados en l\u00ednea, se suscriben a un bolet\u00edn informativo, completan formularios y en relaci\u00f3n con otros servicios proporcionados por BSMI. La informaci\u00f3n que proporcione puede compartirse con terceros, como organismos de adjudicaci\u00f3n, la autoridad local e institutos de educaci\u00f3n superior para estudiantes que buscan una educaci\u00f3n de nivel superior en el Reino Unido con el fin de proporcionar servicios educativos. La informaci\u00f3n solo se pondr\u00e1 a disposici\u00f3n de terceros con el consentimiento de los estudiantes.<\/p>\n<p>Para fines de gesti\u00f3n de marketing y funciones de auditor\u00eda interna, la informaci\u00f3n recopilada a trav\u00e9s de nuestro sitio web se puede utilizar como datos estad\u00edsticos para respaldar a BSMI con nuestras actividades en l\u00ednea y garantizar que brindamos un servicio de calidad. Los datos se guardan y gestionan con toda la legislaci\u00f3n vigente del Reino Unido. Esta informaci\u00f3n se recopila de forma an\u00f3nima y no se vende ni divulga a terceros.<\/p>\n<p><strong>Galletas:<\/strong><\/p>\n<p>BSMI utiliza cookies para identificar su computadora para que nuestro sitio web pueda recordar qui\u00e9n es usted y sus preferencias. Las cookies se utilizan para rastrear qu\u00e9 p\u00e1ginas ha visitado un usuario con la intenci\u00f3n de comprender las necesidades de la audiencia y el prop\u00f3sito de la visita. Podemos utilizar esta informaci\u00f3n para informarle sobre nuestros servicios y productos para sus futuras visitas al sitio.<\/p>\n<p><strong>Seguridad:<\/strong><\/p>\n<p>British School of Marketing International no almacena ning\u00fan detalle financiero de los solicitantes o estudiantes. El sistema de solicitud de inscripci\u00f3n en l\u00ednea de BSMI garantiza la seguridad de la informaci\u00f3n privada de los solicitantes y estudiantes mediante SSL. Toda la informaci\u00f3n intercambiada en la solicitud de inscripci\u00f3n en l\u00ednea se cifra mediante SSL antes de la transmisi\u00f3n.<\/p>\n<p><strong>Protecci\u00f3n de Datos:<\/strong><\/p>\n<p>British School of Marketing International est\u00e1 registrada ante el Comisionado de Informaci\u00f3n del Reino Unido como controlador de datos de acuerdo con las disposiciones de la Ley de Protecci\u00f3n de Datos de 1998.<\/p>\n<p><strong>Cambios a esta pol\u00edtica de privacidad:<\/strong><\/p>\n<p>British School of Marketing International tiene la discreci\u00f3n de actualizar esta pol\u00edtica en cualquier momento. Nos gustar\u00eda que los usuarios revisen nuestra pol\u00edtica de privacidad con frecuencia para mantenerse informados sobre c\u00f3mo lo ayudamos a proteger la informaci\u00f3n personal recopilada en BSMI. Es su responsabilidad revisar esta pol\u00edtica y estar al tanto de cualquier modificaci\u00f3n adicional.<\/p>\n<p><strong>Su aceptaci\u00f3n de estos t\u00e9rminos:<\/strong><\/p>\n<p>Al utilizar el sitio, usted declara su aceptaci\u00f3n de esta pol\u00edtica y t\u00e9rminos de servicio. Si no est\u00e1 de acuerdo con esta pol\u00edtica, no utilice nuestro sitio web.<\/p>\n<p><strong>Cont\u00e1ctenos:<\/strong><\/p>\n<p>Si tiene alguna pregunta sobre esta pol\u00edtica, cont\u00e1ctenos en:<\/p>\n<p>Escuela brit\u00e1nica de marketing internacional limitada<\/p>\n<p>4a Westover Road, Bournemouth, BH1 2BY Reino Unido<\/p>\n<p><a href=\"mailto:Enquiries@britishschoolofmarketing.com\">Consultas@britishschoolofmarketing.com<\/a><\/p>\n<p>N\u00famero de registro de la empresa: 08881233<\/p>\n\r\n\t\t<\/div>\r\n\t<\/div>\r\n\n\t\t\t<\/div> \n\t\t<\/div>\n\t<\/div> \n<\/div><\/div>","protected":false},"excerpt":{"rendered":"BRITISH SCHOOL OF MARKETING INTERNATIONAL Privacy Statement October 2025\u00a0 \u00a0 \u00a0 \u00a0 \u00a0 \u00a0 \u00a0 \u00a0 \u00a0 \u00a0 \u00a0 \u00a0 \u00a0 \u00a0 \u00a0 \u00a0 \u00a0 \u00a0 \u00a0 \u00a0 \u00a0 \u00a0...","protected":false},"author":2,"featured_media":0,"parent":0,"menu_order":0,"comment_status":"closed","ping_status":"closed","template":"","meta":{"_links_to":"","_links_to_target":""},"yoast_head":"<!-- This site is optimized with the Yoast SEO Premium plugin v16.6 (Yoast SEO v16.6.1) - https:\/\/yoast.com\/wordpress\/plugins\/seo\/ -->\n<title>Privacy Policy | BSMI UK International<\/title>\n<meta name=\"description\" content=\"This privacy policy outlines our procedures on the collection, protection and use of the students&#039; personal information.\u00a0\" \/>\n<meta name=\"robots\" content=\"index, follow, max-snippet:-1, max-image-preview:large, max-video-preview:-1\" \/>\n<link rel=\"canonical\" href=\"https:\/\/britishschoolofmarketing.com\/es\/privacy-statement\/\" \/>\n<meta property=\"og:locale\" content=\"es_ES\" \/>\n<meta property=\"og:type\" content=\"article\" \/>\n<meta property=\"og:title\" content=\"Policy Privacy Statement\" \/>\n<meta property=\"og:description\" content=\"Policy Privacy Statement\" \/>\n<meta property=\"og:url\" content=\"https:\/\/britishschoolofmarketing.com\/es\/privacy-statement\/\" \/>\n<meta property=\"og:site_name\" content=\"BSMI UK\" \/>\n<meta property=\"article:publisher\" content=\"https:\/\/www.facebook.com\/BritishSchoolOfMarketing\/\" \/>\n<meta property=\"article:modified_time\" content=\"2025-10-28T12:29:52+00:00\" \/>\n<meta property=\"og:image\" content=\"https:\/\/britishschoolofmarketing.com\/wp-content\/uploads\/2021\/12\/beds.jpg\" \/>\n\t<meta property=\"og:image:width\" content=\"2200\" \/>\n\t<meta property=\"og:image:height\" content=\"969\" \/>\n<meta name=\"twitter:card\" content=\"summary_large_image\" \/>\n<meta name=\"twitter:site\" content=\"@BritishSMI\" \/>\n<meta name=\"twitter:label1\" content=\"Tiempo de lectura\" \/>\n\t<meta name=\"twitter:data1\" content=\"3 minutos\" \/>\n<script type=\"application\/ld+json\" class=\"yoast-schema-graph\">{\"@context\":\"https:\/\/schema.org\",\"@graph\":[{\"@type\":\"Organization\",\"@id\":\"https:\/\/britishschoolofmarketing.com\/#organization\",\"name\":\"British School of Marketing International\",\"url\":\"https:\/\/britishschoolofmarketing.com\/\",\"sameAs\":[\"https:\/\/www.facebook.com\/BritishSchoolOfMarketing\/\",\"https:\/\/www.instagram.com\/bsmiuk\/\",\"https:\/\/www.linkedin.com\/company\/british-school-of-marketing-international-uk\",\"https:\/\/twitter.com\/BritishSMI\"],\"logo\":{\"@type\":\"ImageObject\",\"@id\":\"https:\/\/britishschoolofmarketing.com\/#logo\",\"inLanguage\":\"es\",\"url\":\"https:\/\/britishschoolofmarketing.com\/wp-content\/uploads\/2022\/03\/bsmi-logo-1.jpg\",\"contentUrl\":\"https:\/\/britishschoolofmarketing.com\/wp-content\/uploads\/2022\/03\/bsmi-logo-1.jpg\",\"width\":700,\"height\":700,\"caption\":\"British School of Marketing International\"},\"image\":{\"@id\":\"https:\/\/britishschoolofmarketing.com\/#logo\"}},{\"@type\":\"WebSite\",\"@id\":\"https:\/\/britishschoolofmarketing.com\/#website\",\"url\":\"https:\/\/britishschoolofmarketing.com\/\",\"name\":\"BSMI UK\",\"description\":\"British School of Marketing International\",\"publisher\":{\"@id\":\"https:\/\/britishschoolofmarketing.com\/#organization\"},\"potentialAction\":[{\"@type\":\"SearchAction\",\"target\":{\"@type\":\"EntryPoint\",\"urlTemplate\":\"https:\/\/britishschoolofmarketing.com\/?s={search_term_string}\"},\"query-input\":\"required name=search_term_string\"}],\"inLanguage\":\"es\"},{\"@type\":\"WebPage\",\"@id\":\"https:\/\/britishschoolofmarketing.com\/ar\/privacy-statement\/#webpage\",\"url\":\"https:\/\/britishschoolofmarketing.com\/ar\/privacy-statement\/\",\"name\":\"Privacy Policy | BSMI UK International\",\"isPartOf\":{\"@id\":\"https:\/\/britishschoolofmarketing.com\/#website\"},\"datePublished\":\"2019-05-25T20:40:35+00:00\",\"dateModified\":\"2025-10-28T12:29:52+00:00\",\"description\":\"This privacy policy outlines our procedures on the collection, protection and use of the students' personal information.\\u00a0\",\"breadcrumb\":{\"@id\":\"https:\/\/britishschoolofmarketing.com\/ar\/privacy-statement\/#breadcrumb\"},\"inLanguage\":\"es\",\"potentialAction\":[{\"@type\":\"ReadAction\",\"target\":[\"https:\/\/britishschoolofmarketing.com\/ar\/privacy-statement\/\"]}]},{\"@type\":\"BreadcrumbList\",\"@id\":\"https:\/\/britishschoolofmarketing.com\/ar\/privacy-statement\/#breadcrumb\",\"itemListElement\":[{\"@type\":\"ListItem\",\"position\":1,\"name\":\"Home\",\"item\":\"https:\/\/britishschoolofmarketing.com\/\"},{\"@type\":\"ListItem\",\"position\":2,\"name\":\"Policy Privacy Statement\"}]}]}<\/script>\n<!-- \/ Yoast SEO Premium plugin. -->","_links":{"self":[{"href":"https:\/\/britishschoolofmarketing.com\/es\/wp-json\/wp\/v2\/pages\/819"}],"collection":[{"href":"https:\/\/britishschoolofmarketing.com\/es\/wp-json\/wp\/v2\/pages"}],"about":[{"href":"https:\/\/britishschoolofmarketing.com\/es\/wp-json\/wp\/v2\/types\/page"}],"author":[{"embeddable":true,"href":"https:\/\/britishschoolofmarketing.com\/es\/wp-json\/wp\/v2\/users\/2"}],"replies":[{"embeddable":true,"href":"https:\/\/britishschoolofmarketing.com\/es\/wp-json\/wp\/v2\/comments?post=819"}],"version-history":[{"count":8,"href":"https:\/\/britishschoolofmarketing.com\/es\/wp-json\/wp\/v2\/pages\/819\/revisions"}],"predecessor-version":[{"id":6141,"href":"https:\/\/britishschoolofmarketing.com\/es\/wp-json\/wp\/v2\/pages\/819\/revisions\/6141"}],"wp:attachment":[{"href":"https:\/\/britishschoolofmarketing.com\/es\/wp-json\/wp\/v2\/media?parent=819"}],"curies":[{"name":"wp","href":"https:\/\/api.w.org\/{rel}","templated":true}]}}