{"id":801,"date":"2019-05-26T12:29:23","date_gmt":"2019-05-26T12:29:23","guid":{"rendered":"\/bsmi\/?page_id=801"},"modified":"2026-04-02T13:39:42","modified_gmt":"2026-04-02T13:39:42","slug":"equality-policy-for-students","status":"publish","type":"page","link":"https:\/\/britishschoolofmarketing.com\/es\/equality-policy-for-students\/","title":{"rendered":"Pol\u00edtica de Igualdad para Estudiantes"},"content":{"rendered":"<div id=\"fws_69e0626f63812\"  data-midnight=\"dark\"  data-bg-mobile-hidden=\"\" class=\"wpb_row vc_row-fluid vc_row top-level standard_section\"  style=\"padding-top: 0px; padding-bottom: 0px; \"><div class=\"row-bg-wrap\" data-bg-animation=\"none\"><div class=\"inner-wrap\"><div class=\"row-bg\"  style=\"\"><\/div><\/div><div class=\"row-bg-overlay\" ><\/div><\/div><div class=\"col span_12 dark left\">\n\t<div  class=\"vc_col-sm-12 wpb_column column_container vc_column_container col no-extra-padding\"  data-t-w-inherits=\"default\" data-border-radius=\"none\" data-shadow=\"none\" data-border-animation=\"\" data-border-animation-delay=\"\" data-border-width=\"none\" data-border-style=\"solid\" data-border-color=\"\" data-bg-cover=\"\" data-padding-pos=\"all\" data-has-bg-color=\"false\" data-bg-color=\"\" data-bg-opacity=\"1\" data-hover-bg=\"\" data-hover-bg-opacity=\"1\" data-animation=\"\" data-delay=\"0\"><div class=\"column-bg-overlay\"><\/div>\n\t\t<div class=\"vc_column-inner\">\n\t\t\t<div class=\"wpb_wrapper\">\n\t\t\t\t\r\n\t<div class=\"wpb_text_column wpb_content_element\" >\r\n\t\t<div class=\"wpb_wrapper\">\r\n\t\t\t<p><strong>ESCUELA BRIT\u00c1NICA DE MARKETING INTERNACIONAL<\/strong><\/p>\n<h1 style=\"font-size: 15px;\">Pol\u00edtica de igualdad de Estudiantes<\/h1>\n<table style=\"width: 100%;\">\n<tbody>\n<tr>\n<td>October 2025<\/td>\n<td style=\"text-align: right;\">\u00a0Review date: October 2026<\/td>\n<\/tr>\n<\/tbody>\n<\/table>\n<p>&nbsp;<\/p>\n<p>&nbsp;<\/p>\n<p><strong>Introducci\u00f3n:<\/strong><\/p>\n<p>British School of Marketing International is committed to equality and fair treatment for all its staff, employers and all the other members with whom BSMI works in collaboration. BSMI aspires to create a safe environment where all students are treated equally with utmost respect, where they thrive academically and reach their full potential as individuals.<\/p>\n<p><strong>Responsabilidades:<\/strong><\/p>\n<p>Therefore, BSMI is fully responsible for eliminating the unlawful discrimination and promoting equal opportunities for all irrespective of age, ethnic origin, gender, marital status, religious belief, sexual orientation, political opinion or whether you have a disability or dependants.<\/p>\n<p>En BSMI, buscamos promover la igualdad en todas las siguientes \u00e1reas:<\/p>\n<ul>\n<li>Reclutamiento y selecci\u00f3n de estudiantes.<\/li>\n<li>Admisi\u00f3n y retenci\u00f3n de estudiantes<\/li>\n<li>Students&#8217; assessment and progression<\/li>\n<li>Prestaci\u00f3n de servicios para estudiantes e instalaciones conexas<\/li>\n<li>Ense\u00f1anza, aprendizaje, desarrollo curricular y garant\u00eda de calidad<\/li>\n<\/ul>\n<p>El reclutamiento y la progresi\u00f3n de los estudiantes se basar\u00e1n en la capacidad, las calificaciones y el compromiso con la especializaci\u00f3n de estudios seleccionada. En el proceso de selecci\u00f3n no existir\u00e1 discriminaci\u00f3n, victimizaci\u00f3n o acoso, directa o indirectamente, por cualquier motivo que no sea la idoneidad acad\u00e9mica del estudiante para el curso seleccionado. Los solicitantes de admisi\u00f3n a BSMI que no han tenido \u00e9xito en su solicitud tienen derecho a presentar una queja en relaci\u00f3n con el procedimiento de quejas de BSMI por motivos de irregularidad procesal, prejuicio o parcialidad o circunstancias atenuantes. El formulario de quejas est\u00e1 disponible en el sitio web de BSMI.<\/p>\n<p>BSMI es completamente responsable de la capacitaci\u00f3n de todo el personal para garantizar que todos los candidatos est\u00e9n sujetos a procedimientos justos y equitativos en las \u00e1reas de su admisi\u00f3n, progresi\u00f3n y servicios de bienestar disponibles para todos los estudiantes.<\/p>\n<p><strong>\u00a0Lidiando con la Discriminaci\u00f3n:<\/strong><\/p>\n<p>En BSMI, no toleramos la intimidaci\u00f3n, el acoso ni la victimizaci\u00f3n de ninguna persona debido a sus diferencias. Cualquier alegaci\u00f3n de tal comportamiento se investigar\u00e1 a fondo y las personas pueden estar sujetas a los procedimientos disciplinarios correspondientes. Sin embargo, si se determina que una denuncia se ha realizado deliberadamente con malas intenciones, esto puede dar lugar a medidas disciplinarias contra el denunciante.<\/p>\n<p><strong>Implementaci\u00f3n:<\/strong><\/p>\n<p>BSMI is responsible for making all the staff members aware of the equality policy to ensure that it will be implemented throughout the school. This policy will be communicated to all the students on the induction day, and staff have the full responsibility to make students aware of their responsibilities related to this policy. Since all the staff members have a responsibility to accept personal involvement in the protection of this policy, any behaviour or language against this policy will not be tolerated.<\/p>\n\r\n\t\t<\/div>\r\n\t<\/div>\r\n\n\t\t\t<\/div> \n\t\t<\/div>\n\t<\/div> \n<\/div><\/div>","protected":false},"excerpt":{"rendered":"BRITISH SCHOOL OF MARKETING INTERNATIONAL Equality policy for Students October 2025 \u00a0Review date: October 2026 &nbsp; &nbsp; Introduction: British School of Marketing International is committed to equality and fair treatment...","protected":false},"author":2,"featured_media":0,"parent":0,"menu_order":0,"comment_status":"closed","ping_status":"open","template":"","meta":{"_links_to":"","_links_to_target":""},"yoast_head":"<!-- This site is optimized with the Yoast SEO Premium plugin v16.6 (Yoast SEO v16.6.1) - https:\/\/yoast.com\/wordpress\/plugins\/seo\/ -->\n<title>Equality Policy for Students | BSMI UK International<\/title>\n<meta name=\"description\" content=\"We are committed to creating a safe inclusive environment for our staff, and students where everyone has an equal opportunity to succeed.\" \/>\n<meta name=\"robots\" content=\"index, follow, max-snippet:-1, max-image-preview:large, max-video-preview:-1\" \/>\n<link rel=\"canonical\" href=\"https:\/\/britishschoolofmarketing.com\/es\/equality-policy-for-students\/\" \/>\n<meta property=\"og:locale\" content=\"es_ES\" \/>\n<meta property=\"og:type\" content=\"article\" \/>\n<meta property=\"og:title\" content=\"Policy Equality for Students\" \/>\n<meta property=\"og:description\" content=\"Policy Equality for Students\" \/>\n<meta property=\"og:url\" content=\"https:\/\/britishschoolofmarketing.com\/es\/equality-policy-for-students\/\" \/>\n<meta property=\"og:site_name\" content=\"BSMI UK\" \/>\n<meta property=\"article:publisher\" content=\"https:\/\/www.facebook.com\/BritishSchoolOfMarketing\/\" \/>\n<meta property=\"article:modified_time\" content=\"2026-04-02T13:39:42+00:00\" \/>\n<meta property=\"og:image\" content=\"https:\/\/britishschoolofmarketing.com\/wp-content\/uploads\/2021\/12\/beds.jpg\" \/>\n\t<meta property=\"og:image:width\" content=\"2200\" \/>\n\t<meta property=\"og:image:height\" content=\"969\" \/>\n<meta name=\"twitter:card\" content=\"summary_large_image\" \/>\n<meta name=\"twitter:site\" content=\"@BritishSMI\" \/>\n<meta name=\"twitter:label1\" content=\"Tiempo de lectura\" \/>\n\t<meta name=\"twitter:data1\" content=\"2 minutos\" \/>\n<script type=\"application\/ld+json\" class=\"yoast-schema-graph\">{\"@context\":\"https:\/\/schema.org\",\"@graph\":[{\"@type\":\"Organization\",\"@id\":\"https:\/\/britishschoolofmarketing.com\/#organization\",\"name\":\"British School of Marketing International\",\"url\":\"https:\/\/britishschoolofmarketing.com\/\",\"sameAs\":[\"https:\/\/www.facebook.com\/BritishSchoolOfMarketing\/\",\"https:\/\/www.instagram.com\/bsmiuk\/\",\"https:\/\/www.linkedin.com\/company\/british-school-of-marketing-international-uk\",\"https:\/\/twitter.com\/BritishSMI\"],\"logo\":{\"@type\":\"ImageObject\",\"@id\":\"https:\/\/britishschoolofmarketing.com\/#logo\",\"inLanguage\":\"es\",\"url\":\"https:\/\/britishschoolofmarketing.com\/wp-content\/uploads\/2022\/03\/bsmi-logo-1.jpg\",\"contentUrl\":\"https:\/\/britishschoolofmarketing.com\/wp-content\/uploads\/2022\/03\/bsmi-logo-1.jpg\",\"width\":700,\"height\":700,\"caption\":\"British School of Marketing International\"},\"image\":{\"@id\":\"https:\/\/britishschoolofmarketing.com\/#logo\"}},{\"@type\":\"WebSite\",\"@id\":\"https:\/\/britishschoolofmarketing.com\/#website\",\"url\":\"https:\/\/britishschoolofmarketing.com\/\",\"name\":\"BSMI UK\",\"description\":\"British School of Marketing International\",\"publisher\":{\"@id\":\"https:\/\/britishschoolofmarketing.com\/#organization\"},\"potentialAction\":[{\"@type\":\"SearchAction\",\"target\":{\"@type\":\"EntryPoint\",\"urlTemplate\":\"https:\/\/britishschoolofmarketing.com\/?s={search_term_string}\"},\"query-input\":\"required name=search_term_string\"}],\"inLanguage\":\"es\"},{\"@type\":\"WebPage\",\"@id\":\"https:\/\/britishschoolofmarketing.com\/equality-policy-for-students\/#webpage\",\"url\":\"https:\/\/britishschoolofmarketing.com\/equality-policy-for-students\/\",\"name\":\"Equality Policy for Students | BSMI UK International\",\"isPartOf\":{\"@id\":\"https:\/\/britishschoolofmarketing.com\/#website\"},\"datePublished\":\"2019-05-26T12:29:23+00:00\",\"dateModified\":\"2026-04-02T13:39:42+00:00\",\"description\":\"We are committed to creating a safe inclusive environment for our staff, and students where everyone has an equal opportunity to succeed.\",\"breadcrumb\":{\"@id\":\"https:\/\/britishschoolofmarketing.com\/equality-policy-for-students\/#breadcrumb\"},\"inLanguage\":\"es\",\"potentialAction\":[{\"@type\":\"ReadAction\",\"target\":[\"https:\/\/britishschoolofmarketing.com\/equality-policy-for-students\/\"]}]},{\"@type\":\"BreadcrumbList\",\"@id\":\"https:\/\/britishschoolofmarketing.com\/equality-policy-for-students\/#breadcrumb\",\"itemListElement\":[{\"@type\":\"ListItem\",\"position\":1,\"name\":\"Home\",\"item\":\"https:\/\/britishschoolofmarketing.com\/\"},{\"@type\":\"ListItem\",\"position\":2,\"name\":\"Policy Equality for Students\"}]}]}<\/script>\n<!-- \/ Yoast SEO Premium plugin. -->","_links":{"self":[{"href":"https:\/\/britishschoolofmarketing.com\/es\/wp-json\/wp\/v2\/pages\/801"}],"collection":[{"href":"https:\/\/britishschoolofmarketing.com\/es\/wp-json\/wp\/v2\/pages"}],"about":[{"href":"https:\/\/britishschoolofmarketing.com\/es\/wp-json\/wp\/v2\/types\/page"}],"author":[{"embeddable":true,"href":"https:\/\/britishschoolofmarketing.com\/es\/wp-json\/wp\/v2\/users\/2"}],"replies":[{"embeddable":true,"href":"https:\/\/britishschoolofmarketing.com\/es\/wp-json\/wp\/v2\/comments?post=801"}],"version-history":[{"count":9,"href":"https:\/\/britishschoolofmarketing.com\/es\/wp-json\/wp\/v2\/pages\/801\/revisions"}],"predecessor-version":[{"id":6270,"href":"https:\/\/britishschoolofmarketing.com\/es\/wp-json\/wp\/v2\/pages\/801\/revisions\/6270"}],"wp:attachment":[{"href":"https:\/\/britishschoolofmarketing.com\/es\/wp-json\/wp\/v2\/media?parent=801"}],"curies":[{"name":"wp","href":"https:\/\/api.w.org\/{rel}","templated":true}]}}