{"id":3383,"date":"2022-03-29T09:49:55","date_gmt":"2022-03-29T09:49:55","guid":{"rendered":"https:\/\/www.britishschoolofmarketing.com\/?page_id=3383"},"modified":"2022-05-20T09:42:08","modified_gmt":"2022-05-20T09:42:08","slug":"pathway-course","status":"publish","type":"page","link":"https:\/\/britishschoolofmarketing.com\/es\/study-in-uk\/bournemouth\/pathway-course\/","title":{"rendered":"Cursos de Pathway"},"content":{"rendered":"<div id=\"fws_69ff667912d9b\"  data-midnight=\"dark\"  data-bg-mobile-hidden=\"\" class=\"wpb_row vc_row-fluid vc_row top-level standard_section\"  style=\"padding-top: 0px; padding-bottom: 0px; \"><div class=\"row-bg-wrap\" data-bg-animation=\"none\"><div class=\"inner-wrap\"><div class=\"row-bg\"  style=\"\"><\/div><\/div><div class=\"row-bg-overlay\" ><\/div><\/div><div class=\"col span_12 dark left\">\n\t<div  class=\"vc_col-sm-12 wpb_column column_container vc_column_container col no-extra-padding\"  data-t-w-inherits=\"default\" data-border-radius=\"none\" data-shadow=\"none\" data-border-animation=\"\" data-border-animation-delay=\"\" data-border-width=\"none\" data-border-style=\"solid\" data-border-color=\"\" data-bg-cover=\"\" data-padding-pos=\"all\" data-has-bg-color=\"false\" data-bg-color=\"\" data-bg-opacity=\"1\" data-hover-bg=\"\" data-hover-bg-opacity=\"1\" data-animation=\"\" data-delay=\"0\"><div class=\"column-bg-overlay\"><\/div>\n\t\t<div class=\"vc_column-inner\">\n\t\t\t<div class=\"wpb_wrapper\">\n\t\t\t\t\r\n    <div class=\"col span_12 section-title text-align-center extra-padding\">\r\n\t\t<h2>Pathway Programs in Bournemouth UK<\/h2><\/div><div class=\"clear\"><\/div>\r\n\t<div class=\"wpb_text_column wpb_content_element\" >\r\n\t\t<div class=\"wpb_wrapper\">\r\n\t\t\t<p>Foundation courses offered by pathway providers offer you the opportunity to improve your English and study skills before attending a university.<\/p>\n<p>If you need to improve your English skills before attending a UK university in Bournemouth, you can attend a special program called a &#8220;foundation program&#8221; or \u201cpathway program.<\/p>\n<p>University Pathway programs provides\u00a0 Guarantee Entry to top ranked Universities in UK for international students.<\/p>\n<h2>List of popular Pathway Programmes in Bournemouth, UK<\/h2>\n\r\n\t\t<\/div>\r\n\t<\/div>\r\n\n\t\t\t<\/div> \n\t\t<\/div>\n\t<\/div> \n<\/div><\/div>\n\t\t<div id=\"fws_69ff6679133ed\"  data-midnight=\"dark\"  data-bg-mobile-hidden=\"\" class=\"wpb_row vc_row-fluid vc_row standard_section\"  style=\"padding-top: 0px; padding-bottom: 0px; \"><div class=\"row-bg-wrap\" data-bg-animation=\"none\"><div class=\"inner-wrap\"><div class=\"row-bg\"  style=\"\"><\/div><\/div><div class=\"row-bg-overlay\" ><\/div><\/div><div class=\"col span_12 dark left\">\n\t<div  class=\"vc_col-sm-12 wpb_column column_container vc_column_container col no-extra-padding\"  data-t-w-inherits=\"default\" data-border-radius=\"none\" data-shadow=\"none\" data-border-animation=\"\" data-border-animation-delay=\"\" data-border-width=\"none\" data-border-style=\"solid\" data-border-color=\"\" data-bg-cover=\"\" data-padding-pos=\"all\" data-has-bg-color=\"false\" data-bg-color=\"\" data-bg-opacity=\"1\" data-hover-bg=\"\" data-hover-bg-opacity=\"1\" data-animation=\"\" data-delay=\"0\"><div class=\"column-bg-overlay\"><\/div>\n\t\t<div class=\"vc_column-inner\">\n\t\t\t<div class=\"wpb_wrapper\">\n\t\t\t\t\r\n\t<div class=\"wpb_text_column wpb_content_element\" >\r\n\t\t<div class=\"wpb_wrapper\">\r\n\t\t\t<p><!---box_1 start here--><\/p>\n<div class=\"courses_data\">\n<div class=\"program_title col span_12\">\n<h2 style=\"text-align: left;\">International Foundation in Business &#8211;<\/h2>\n<h3 class=\"uni_name\">Undergraduate (UG) University Pathway Program<\/h3>\n<\/div>\n<div class=\"col span_12 dark left\">\n<div class=\"col span_8\">\n<div class=\"col span_2\">\n<div class=\"logo\"><img class=\"size-full wp-image-4336 alignleft\" src=\"https:\/\/britishschoolofmarketing.com\/wp-content\/uploads\/2022\/05\/bu-logo-288x300.png\" alt=\"\" width=\"288\" height=\"300\" \/><\/div>\n<\/div>\n<div class=\"col span_10 col_last\">\n<h2><\/h2>\n<h2><\/h2>\n<h2><\/h2>\n<h2><\/h2>\n<h2 class=\"uni_name\">Bournemouth University, Bournemouth, UK<\/h2>\n<\/div>\n<div class=\"col span_12\">\n<div class=\"description\">\n<p class=\"desc\">This one year-long course is designed to provide you with the first year entry into Bournemouth University. This course covers key areas of management such as Managing Business Operations\u00a0 and how they operate within the wider business. Maximising Resources to Achieve Business Success and all aspects of that external business environment.<\/p>\n<\/div>\n<div class=\"tilt-button-wrap\" style=\"margin-top: 20px;\">\n<div class=\"tilt-button-inner\"><a class=\"nectar-button medium regular-tilt accent-color tilt has-icon regular-button buttons_class instance-0\" style=\"margin-right: 20px; visibility: visible;\" target=\"_blank\" rel=\"noopener\" data-color-override=\"false\" data-hover-color-override=\"false\" data-hover-text-color-override=\"#fff\">Aprende m\u00e1s<i class=\"fa fa-chevron-circle-right\"><\/i><\/a><\/div>\n<\/div>\n<\/div>\n<\/div>\n<div class=\"col span_4 col_last right_Section\">\n<div class=\"cell auto\">\n<div class=\"degree grid-x align-top label-margin\">\n<div class=\"icon cell shrink\"><span data-v-84a4319e=\"\" aria-haspopup=\"true\" aria-expanded=\"false\">\u00a0<\/span><\/div>\n<div class=\"cell auto\">\n<ul>\n<li><strong>Intakes: <\/strong> Septiembre \/ Enero \/ Mayo<\/li>\n<li><strong>Fees: <\/strong> \u00a312995<\/li>\n<li><strong>Duration: <\/strong> 36 weeks<\/li>\n<\/ul>\n<\/div>\n<\/div>\n<\/div>\n<\/div>\n<\/div>\n<\/div>\n<p><!---box_1 end here--><br \/>\n<!---box_1 start here--><\/p>\n<div class=\"courses_data\">\n<div class=\"program_title col span_12\">\n<h2 style=\"text-align: left;\">International year 1 in Business and Management &#8211;<\/h2>\n<h3 class=\"uni_name\">Undergraduate (UG) University Pathway Program<\/h3>\n<\/div>\n<div class=\"col span_12 dark left\">\n<div class=\"col span_8\">\n<div class=\"col span_2\">\n<div class=\"logo\"><img class=\"size-full wp-image-4336 alignleft\" src=\"https:\/\/britishschoolofmarketing.com\/wp-content\/uploads\/2022\/05\/bu-logo-288x300.png\" alt=\"\" width=\"288\" height=\"300\" \/><\/div>\n<\/div>\n<div class=\"col span_10 col_last\">\n<h2><\/h2>\n<h2><\/h2>\n<h2><\/h2>\n<h2><\/h2>\n<h2 class=\"uni_name\">Bournemouth University, Bournemouth, UK<\/h2>\n<\/div>\n<div class=\"col span_12\">\n<div class=\"description\">\n<p class=\"desc\">Prep\u00e1rese para ingresar directamente al segundo a\u00f1o en la Universidad de Bournemouth en nueve meses. Tras el \u00e9xito del Nivel 4 en BSMI, los estudiantes avanzar\u00e1n directamente al segundo a\u00f1o en la Universidad de Bournemouth.<\/p>\n<\/div>\n<div class=\"tilt-button-wrap\" style=\"margin-top: 20px;\">\n<div class=\"tilt-button-inner\"><a class=\"nectar-button medium regular-tilt accent-color tilt has-icon regular-button buttons_class instance-0\" style=\"margin-right: 20px; visibility: visible;\" target=\"_blank\" rel=\"noopener\" data-color-override=\"false\" data-hover-color-override=\"false\" data-hover-text-color-override=\"#fff\">Aprende m\u00e1s<i class=\"fa fa-chevron-circle-right\"><\/i><\/a><\/div>\n<\/div>\n<\/div>\n<\/div>\n<div class=\"col span_4 col_last right_Section\">\n<div class=\"cell auto\">\n<div class=\"degree grid-x align-top label-margin\">\n<div class=\"icon cell shrink\"><span data-v-84a4319e=\"\" aria-haspopup=\"true\" aria-expanded=\"false\">\u00a0<\/span><\/div>\n<div class=\"cell auto\">\n<ul>\n<li><strong>Intakes: <\/strong> Septiembre \/ Enero \/ Mayo<\/li>\n<li><strong>Fees: <\/strong> \u00a312995<\/li>\n<li><strong>Duration: <\/strong> 36 weeks<\/li>\n<\/ul>\n<\/div>\n<\/div>\n<\/div>\n<\/div>\n<\/div>\n<\/div>\n<p><!---box_1 end here--><br \/>\n<!---box_1 start here--><\/p>\n<div class=\"courses_data\">\n<div class=\"program_title col span_12\">\n<h2 style=\"text-align: left;\">International Year 2 in Business and Management-<\/h2>\n<h3 class=\"uni_name\">Undergraduate (UG) University Pathway Program<\/h3>\n<\/div>\n<div class=\"col span_12 dark left\">\n<div class=\"col span_8\">\n<div class=\"col span_2\">\n<div class=\"logo\"><img class=\"size-full wp-image-4336 alignleft\" src=\"https:\/\/britishschoolofmarketing.com\/wp-content\/uploads\/2022\/05\/bu-logo-288x300.png\" alt=\"\" width=\"288\" height=\"300\" \/><\/div>\n<\/div>\n<div class=\"col span_10 col_last\">\n<h2><\/h2>\n<h2><\/h2>\n<h2><\/h2>\n<h2><\/h2>\n<h2 class=\"uni_name\">Bournemouth University, Bournemouth, UK<\/h2>\n<\/div>\n<div class=\"col span_12\">\n<div class=\"description\">\n<p class=\"desc\">BSMI is delivering the most sought-after university access course, which will enable students to move into the final year at Bournemouth University. At BSMI, we are proud to offer the most prominent and fast-track university access course, ATHE Level 5 Extended in Business and Management to international students<\/p>\n<\/div>\n<div class=\"tilt-button-wrap\" style=\"margin-top: 20px;\">\n<div class=\"tilt-button-inner\"><a class=\"nectar-button medium regular-tilt accent-color tilt has-icon regular-button buttons_class instance-0\" style=\"margin-right: 20px; visibility: visible;\" target=\"_blank\" rel=\"noopener\" data-color-override=\"false\" data-hover-color-override=\"false\" data-hover-text-color-override=\"#fff\">Aprende m\u00e1s<i class=\"fa fa-chevron-circle-right\"><\/i><\/a><\/div>\n<\/div>\n<\/div>\n<\/div>\n<div class=\"col span_4 col_last right_Section\">\n<div class=\"cell auto\">\n<div class=\"degree grid-x align-top label-margin\">\n<div class=\"icon cell shrink\"><span data-v-84a4319e=\"\" aria-haspopup=\"true\" aria-expanded=\"false\">\u00a0<\/span><\/div>\n<div class=\"cell auto\">\n<ul>\n<li><strong>Intakes: <\/strong> Septiembre \/ Enero \/ Mayo<\/li>\n<li><strong>Fees: <\/strong> \u00a312995<\/li>\n<li><strong>Duration: <\/strong> 36 weeks<\/li>\n<\/ul>\n<\/div>\n<\/div>\n<\/div>\n<\/div>\n<\/div>\n<\/div>\n<p><!---box_1 end here--><\/p>\n\r\n\t\t<\/div>\r\n\t<\/div>\r\n\r\n\t<div class=\"wpb_text_column wpb_content_element\" >\r\n\t\t<div class=\"wpb_wrapper\">\r\n\t\t\t\r\n\t\t<\/div>\r\n\t<\/div>\r\n\n\t\t\t<\/div> \n\t\t<\/div>\n\t<\/div> \n<\/div><\/div>","protected":false},"excerpt":{"rendered":"Pathway Programs in Bournemouth UK Foundation courses offered by pathway providers offer you the opportunity to improve your English and study skills before attending a university. If you need to...","protected":false},"author":2,"featured_media":0,"parent":3381,"menu_order":0,"comment_status":"closed","ping_status":"closed","template":"","meta":{"_links_to":"","_links_to_target":""},"yoast_head":"<!-- This site is optimized with the Yoast SEO Premium plugin v16.6 (Yoast SEO v16.6.1) - https:\/\/yoast.com\/wordpress\/plugins\/seo\/ -->\n<title>Pathway Courses | BSMI UK<\/title>\n<meta name=\"description\" content=\"Pathway Courses\" \/>\n<meta name=\"robots\" content=\"index, follow, max-snippet:-1, max-image-preview:large, max-video-preview:-1\" \/>\n<link rel=\"canonical\" href=\"https:\/\/britishschoolofmarketing.com\/es\/study-in-uk\/bournemouth\/pathway-course\/\" \/>\n<meta property=\"og:locale\" content=\"es_ES\" \/>\n<meta property=\"og:type\" content=\"article\" \/>\n<meta property=\"og:title\" content=\"Pathway Courses\" \/>\n<meta property=\"og:description\" content=\"Pathway Courses\" \/>\n<meta property=\"og:url\" content=\"https:\/\/britishschoolofmarketing.com\/es\/study-in-uk\/bournemouth\/pathway-course\/\" \/>\n<meta property=\"og:site_name\" content=\"BSMI UK\" \/>\n<meta property=\"article:publisher\" content=\"https:\/\/www.facebook.com\/BritishSchoolOfMarketing\/\" \/>\n<meta property=\"article:modified_time\" content=\"2022-05-20T09:42:08+00:00\" \/>\n<meta property=\"og:image\" content=\"https:\/\/britishschoolofmarketing.com\/wp-content\/uploads\/2022\/05\/BU-logo-288x300-1.png\" \/>\n<meta name=\"twitter:card\" content=\"summary_large_image\" \/>\n<meta name=\"twitter:site\" content=\"@BritishSMI\" \/>\n<meta name=\"twitter:label1\" content=\"Tiempo de lectura\" \/>\n\t<meta name=\"twitter:data1\" content=\"3 minutos\" \/>\n<script type=\"application\/ld+json\" class=\"yoast-schema-graph\">{\"@context\":\"https:\/\/schema.org\",\"@graph\":[{\"@type\":\"Organization\",\"@id\":\"https:\/\/britishschoolofmarketing.com\/#organization\",\"name\":\"British School of Marketing International\",\"url\":\"https:\/\/britishschoolofmarketing.com\/\",\"sameAs\":[\"https:\/\/www.facebook.com\/BritishSchoolOfMarketing\/\",\"https:\/\/www.instagram.com\/bsmiuk\/\",\"https:\/\/www.linkedin.com\/company\/british-school-of-marketing-international-uk\",\"https:\/\/twitter.com\/BritishSMI\"],\"logo\":{\"@type\":\"ImageObject\",\"@id\":\"https:\/\/britishschoolofmarketing.com\/#logo\",\"inLanguage\":\"es\",\"url\":\"https:\/\/britishschoolofmarketing.com\/wp-content\/uploads\/2022\/03\/bsmi-logo-1.jpg\",\"contentUrl\":\"https:\/\/britishschoolofmarketing.com\/wp-content\/uploads\/2022\/03\/bsmi-logo-1.jpg\",\"width\":700,\"height\":700,\"caption\":\"British School of Marketing International\"},\"image\":{\"@id\":\"https:\/\/britishschoolofmarketing.com\/#logo\"}},{\"@type\":\"WebSite\",\"@id\":\"https:\/\/britishschoolofmarketing.com\/#website\",\"url\":\"https:\/\/britishschoolofmarketing.com\/\",\"name\":\"BSMI UK\",\"description\":\"British School of Marketing International\",\"publisher\":{\"@id\":\"https:\/\/britishschoolofmarketing.com\/#organization\"},\"potentialAction\":[{\"@type\":\"SearchAction\",\"target\":{\"@type\":\"EntryPoint\",\"urlTemplate\":\"https:\/\/britishschoolofmarketing.com\/?s={search_term_string}\"},\"query-input\":\"required name=search_term_string\"}],\"inLanguage\":\"es\"},{\"@type\":\"ImageObject\",\"@id\":\"https:\/\/britishschoolofmarketing.com\/study-in-uk\/bournemouth\/pathway-course\/#primaryimage\",\"inLanguage\":\"es\",\"url\":\"https:\/\/britishschoolofmarketing.com\/wp-content\/uploads\/2022\/05\/bu-logo-288x300.png\",\"contentUrl\":\"https:\/\/britishschoolofmarketing.com\/wp-content\/uploads\/2022\/05\/bu-logo-288x300.png\"},{\"@type\":\"WebPage\",\"@id\":\"https:\/\/britishschoolofmarketing.com\/study-in-uk\/bournemouth\/pathway-course\/#webpage\",\"url\":\"https:\/\/britishschoolofmarketing.com\/study-in-uk\/bournemouth\/pathway-course\/\",\"name\":\"Pathway Courses | BSMI UK\",\"isPartOf\":{\"@id\":\"https:\/\/britishschoolofmarketing.com\/#website\"},\"primaryImageOfPage\":{\"@id\":\"https:\/\/britishschoolofmarketing.com\/study-in-uk\/bournemouth\/pathway-course\/#primaryimage\"},\"datePublished\":\"2022-03-29T09:49:55+00:00\",\"dateModified\":\"2022-05-20T09:42:08+00:00\",\"description\":\"Pathway Courses\",\"breadcrumb\":{\"@id\":\"https:\/\/britishschoolofmarketing.com\/study-in-uk\/bournemouth\/pathway-course\/#breadcrumb\"},\"inLanguage\":\"es\",\"potentialAction\":[{\"@type\":\"ReadAction\",\"target\":[\"https:\/\/britishschoolofmarketing.com\/study-in-uk\/bournemouth\/pathway-course\/\"]}]},{\"@type\":\"BreadcrumbList\",\"@id\":\"https:\/\/britishschoolofmarketing.com\/study-in-uk\/bournemouth\/pathway-course\/#breadcrumb\",\"itemListElement\":[{\"@type\":\"ListItem\",\"position\":1,\"name\":\"Home\",\"item\":\"https:\/\/britishschoolofmarketing.com\/\"},{\"@type\":\"ListItem\",\"position\":2,\"name\":\"Study in UK\",\"item\":\"https:\/\/britishschoolofmarketing.com\/ar\/study-in-uk\/\"},{\"@type\":\"ListItem\",\"position\":3,\"name\":\"Bournemouth\",\"item\":\"https:\/\/britishschoolofmarketing.com\/es\/study-in-uk\/bournemouth\/\"},{\"@type\":\"ListItem\",\"position\":4,\"name\":\"Pathway Courses\"}]}]}<\/script>\n<!-- \/ Yoast SEO Premium plugin. -->","_links":{"self":[{"href":"https:\/\/britishschoolofmarketing.com\/es\/wp-json\/wp\/v2\/pages\/3383"}],"collection":[{"href":"https:\/\/britishschoolofmarketing.com\/es\/wp-json\/wp\/v2\/pages"}],"about":[{"href":"https:\/\/britishschoolofmarketing.com\/es\/wp-json\/wp\/v2\/types\/page"}],"author":[{"embeddable":true,"href":"https:\/\/britishschoolofmarketing.com\/es\/wp-json\/wp\/v2\/users\/2"}],"replies":[{"embeddable":true,"href":"https:\/\/britishschoolofmarketing.com\/es\/wp-json\/wp\/v2\/comments?post=3383"}],"version-history":[{"count":30,"href":"https:\/\/britishschoolofmarketing.com\/es\/wp-json\/wp\/v2\/pages\/3383\/revisions"}],"predecessor-version":[{"id":4363,"href":"https:\/\/britishschoolofmarketing.com\/es\/wp-json\/wp\/v2\/pages\/3383\/revisions\/4363"}],"up":[{"embeddable":true,"href":"https:\/\/britishschoolofmarketing.com\/es\/wp-json\/wp\/v2\/pages\/3381"}],"wp:attachment":[{"href":"https:\/\/britishschoolofmarketing.com\/es\/wp-json\/wp\/v2\/media?parent=3383"}],"curies":[{"name":"wp","href":"https:\/\/api.w.org\/{rel}","templated":true}]}}